{"id":45,"date":"2018-11-23T13:07:52","date_gmt":"2018-11-23T13:07:52","guid":{"rendered":"https:\/\/www.twinmedia.at\/?page_id=45"},"modified":"2019-07-11T15:54:19","modified_gmt":"2019-07-11T15:54:19","slug":"ueber-uns","status":"publish","type":"page","link":"https:\/\/www.twinmedia.at\/en\/ueber-uns\/","title":{"rendered":"About us"},"content":{"rendered":"<div data-elementor-type=\"wp-post\" data-elementor-id=\"45\" class=\"elementor elementor-45\" data-elementor-post-type=\"page\">\n\t\t\t\t\t\t<section class=\"elementor-section elementor-top-section elementor-element elementor-element-591617b elementor-section-full_width elementor-section-height-default elementor-section-height-default\" data-id=\"591617b\" data-element_type=\"section\" data-e-type=\"section\" data-settings=\"{&quot;background_background&quot;:&quot;classic&quot;}\">\n\t\t\t\t\t\t<div class=\"elementor-container elementor-column-gap-default\">\n\t\t\t\t\t<div class=\"elementor-column elementor-col-100 elementor-top-column elementor-element elementor-element-b07e4ce\" data-id=\"b07e4ce\" data-element_type=\"column\" data-e-type=\"column\">\n\t\t\t<div class=\"elementor-widget-wrap elementor-element-populated\">\n\t\t\t\t\t\t<div class=\"elementor-element elementor-element-fa8325d elementor-widget elementor-widget-heading\" data-id=\"fa8325d\" data-element_type=\"widget\" data-e-type=\"widget\" data-widget_type=\"heading.default\">\n\t\t\t\t<div class=\"elementor-widget-container\">\n\t\t\t\t\t<h1 class=\"elementor-heading-title elementor-size-default\">About us<\/h1>\t\t\t\t<\/div>\n\t\t\t\t<\/div>\n\t\t\t\t\t<\/div>\n\t\t<\/div>\n\t\t\t\t\t<\/div>\n\t\t<\/section>\n\t\t\t\t<section class=\"elementor-section elementor-top-section elementor-element elementor-element-ee24067 elementor-section-full_width elementor-section-height-default elementor-section-height-default\" data-id=\"ee24067\" data-element_type=\"section\" data-e-type=\"section\" data-settings=\"{&quot;background_background&quot;:&quot;classic&quot;}\">\n\t\t\t\t\t\t<div class=\"elementor-container elementor-column-gap-default\">\n\t\t\t\t\t<div class=\"elementor-column elementor-col-33 elementor-top-column elementor-element elementor-element-a6a4104\" data-id=\"a6a4104\" data-element_type=\"column\" data-e-type=\"column\">\n\t\t\t<div class=\"elementor-widget-wrap elementor-element-populated\">\n\t\t\t\t\t\t<div class=\"elementor-element elementor-element-3ad7da1 elementor-widget elementor-widget-image\" data-id=\"3ad7da1\" data-element_type=\"widget\" data-e-type=\"widget\" data-widget_type=\"image.default\">\n\t\t\t\t<div class=\"elementor-widget-container\">\n\t\t\t\t\t\t\t\t\t\t\t\t<figure class=\"wp-caption\">\n\t\t\t\t\t\t\t\t\t\t<img fetchpriority=\"high\" decoding=\"async\" width=\"300\" height=\"300\" src=\"https:\/\/www.twinmedia.at\/wp-content\/uploads\/2018\/12\/Portraits-JAMBOR-klein.gif\" class=\"attachment-medium_large size-medium_large wp-image-756\" alt=\"\" sizes=\"100vw\" \/>\t\t\t\t\t\t\t\t\t\t\t<figcaption class=\"widget-image-caption wp-caption-text\">THOMAS JAMBOR (#TWIN1)<\/figcaption>\n\t\t\t\t\t\t\t\t\t\t<\/figure>\n\t\t\t\t\t\t\t\t\t<\/div>\n\t\t\t\t<\/div>\n\t\t\t\t\t<\/div>\n\t\t<\/div>\n\t\t\t\t<div class=\"elementor-column elementor-col-33 elementor-top-column elementor-element elementor-element-3c54111\" data-id=\"3c54111\" data-element_type=\"column\" data-e-type=\"column\">\n\t\t\t<div class=\"elementor-widget-wrap elementor-element-populated\">\n\t\t\t\t\t\t<div class=\"elementor-element elementor-element-8639117 elementor-widget elementor-widget-text-editor\" data-id=\"8639117\" data-element_type=\"widget\" data-e-type=\"widget\" data-widget_type=\"text-editor.default\">\n\t\t\t\t<div class=\"elementor-widget-container\">\n\t\t\t\t\t\t\t\t\t<h3 style=\"text-align: center;\"><span style=\"color: #ffffff;\">WIR BEHAUPTEN:<\/span><\/h3><p style=\"text-align: center;\"><span style=\"color: #ffffff;\"><strong>twinMEDIA production<\/strong><\/span><br \/><span style=\"color: #ffffff;\">TEsr\u00a0<\/span><br \/><span style=\"color: #ffffff;\">&#8211; also kurz: der goldrichtige Partner!<\/span><\/p><p style=\"text-align: center;\"><span style=\"color: #ffffff;\">DAS SAGEN JA VIELE &#8211; ABER F\u00dcR WAS JETZT GENAU???<\/span><\/p><p style=\"text-align: center;\"><span style=\"color: #ffffff;\">Na logisch, f\u00fcr au\u00dfergew\u00f6hnliche Videoproduktionen bis hin zur Event-Moderation nat\u00fcrlich!<\/span><span style=\"font-size: 1rem;\">\u00a0<\/span><\/p><p style=\"text-align: center;\"><span style=\"color: #ffffff;\">SIE GLAUBEN UNS NICHT???<\/span><\/p><p style=\"text-align: center;\"><span style=\"color: #ffffff;\">Sch\u00e4men Sie sich und schauen Sie hier in unser\u00a0<span style=\"text-decoration: underline;\"><a style=\"color: #ffffff; text-decoration: underline;\" href=\"https:\/\/www.twinmedia.at\/en\/showreel\/\" rel=\"noopener\">Showreel<\/a><\/span><\/span><\/p>\t\t\t\t\t\t\t\t<\/div>\n\t\t\t\t<\/div>\n\t\t\t\t\t<\/div>\n\t\t<\/div>\n\t\t\t\t<div class=\"elementor-column elementor-col-33 elementor-top-column elementor-element elementor-element-8a0817c\" data-id=\"8a0817c\" data-element_type=\"column\" data-e-type=\"column\">\n\t\t\t<div class=\"elementor-widget-wrap elementor-element-populated\">\n\t\t\t\t\t\t<div class=\"elementor-element elementor-element-456ca9b elementor-widget elementor-widget-image\" data-id=\"456ca9b\" data-element_type=\"widget\" data-e-type=\"widget\" data-widget_type=\"image.default\">\n\t\t\t\t<div class=\"elementor-widget-container\">\n\t\t\t\t\t\t\t\t\t\t\t\t<figure class=\"wp-caption\">\n\t\t\t\t\t\t\t\t\t\t<img decoding=\"async\" width=\"300\" height=\"300\" src=\"https:\/\/www.twinmedia.at\/wp-content\/uploads\/2018\/12\/Portraits-BERGER-klein.gif\" class=\"attachment-full size-full wp-image-755\" alt=\"\" sizes=\"100vw\" \/>\t\t\t\t\t\t\t\t\t\t\t<figcaption class=\"widget-image-caption wp-caption-text\">HORST BERGER (#TWIN2)<\/figcaption>\n\t\t\t\t\t\t\t\t\t\t<\/figure>\n\t\t\t\t\t\t\t\t\t<\/div>\n\t\t\t\t<\/div>\n\t\t\t\t\t<\/div>\n\t\t<\/div>\n\t\t\t\t\t<\/div>\n\t\t<\/section>\n\t\t\t\t<section class=\"elementor-section elementor-top-section elementor-element elementor-element-183b6e elementor-section-stretched elementor-section-boxed elementor-section-height-default elementor-section-height-default\" data-id=\"183b6e\" data-element_type=\"section\" data-e-type=\"section\" data-settings=\"{&quot;background_background&quot;:&quot;classic&quot;,&quot;stretch_section&quot;:&quot;section-stretched&quot;}\">\n\t\t\t\t\t\t<div class=\"elementor-container elementor-column-gap-default\">\n\t\t\t\t\t<div class=\"elementor-column elementor-col-100 elementor-top-column elementor-element elementor-element-55af4354\" data-id=\"55af4354\" data-element_type=\"column\" data-e-type=\"column\">\n\t\t\t<div class=\"elementor-widget-wrap elementor-element-populated\">\n\t\t\t\t\t\t<div class=\"elementor-element elementor-element-278404df elementor-widget elementor-widget-heading\" data-id=\"278404df\" data-element_type=\"widget\" data-e-type=\"widget\" data-widget_type=\"heading.default\">\n\t\t\t\t<div class=\"elementor-widget-container\">\n\t\t\t\t\t<h4 class=\"elementor-heading-title elementor-size-default\">Informations<\/h4>\t\t\t\t<\/div>\n\t\t\t\t<\/div>\n\t\t\t\t<div class=\"elementor-element elementor-element-6257a14d elementor-icon-list--layout-traditional elementor-list-item-link-full_width elementor-widget elementor-widget-icon-list\" data-id=\"6257a14d\" data-element_type=\"widget\" data-e-type=\"widget\" data-widget_type=\"icon-list.default\">\n\t\t\t\t<div class=\"elementor-widget-container\">\n\t\t\t\t\t\t\t<ul class=\"elementor-icon-list-items\">\n\t\t\t\t\t\t\t<li class=\"elementor-icon-list-item\">\n\t\t\t\t\t\t\t\t\t\t\t<a href=\"https:\/\/www.twinmedia.at\/en\/impressum\/\">\n\n\t\t\t\t\t\t\t\t\t\t\t<span class=\"elementor-icon-list-text\">imprint<\/span>\n\t\t\t\t\t\t\t\t\t\t\t<\/a>\n\t\t\t\t\t\t\t\t\t<\/li>\n\t\t\t\t\t\t\t\t<li class=\"elementor-icon-list-item\">\n\t\t\t\t\t\t\t\t\t\t\t<a href=\"https:\/\/www.twinmedia.at\/en\/datenschutzerklaerung\/\">\n\n\t\t\t\t\t\t\t\t\t\t\t<span class=\"elementor-icon-list-text\">Privacy Policy<\/span>\n\t\t\t\t\t\t\t\t\t\t\t<\/a>\n\t\t\t\t\t\t\t\t\t<\/li>\n\t\t\t\t\t\t<\/ul>\n\t\t\t\t\t\t<\/div>\n\t\t\t\t<\/div>\n\t\t\t\t\t<\/div>\n\t\t<\/div>\n\t\t\t\t\t<\/div>\n\t\t<\/section>\n\t\t\t\t<\/div>","protected":false},"excerpt":{"rendered":"<p>\u00dcBER UNS THOMAS JAMBOR (#TWIN1) WIR BEHAUPTEN: twinMEDIA production= Ihr kreativer, vielseitiger, kompetenter, erfahrener, verl\u00e4sslicher, bla bla bla&#8230;\u00a0&#8211; also kurz: der goldrichtige Partner! DAS SAGEN JA VIELE &#8211; ABER F\u00dcR WAS JETZT GENAU??? Na logisch, f\u00fcr au\u00dfergew\u00f6hnliche Videoproduktionen bis hin zur Event-Moderation nat\u00fcrlich!\u00a0 SIE GLAUBEN UNS NICHT??? Sch\u00e4men Sie sich und schauen Sie hier in &hellip; <\/p>\n<p class=\"link-more\"><a href=\"https:\/\/www.twinmedia.at\/en\/ueber-uns\/\" class=\"more-link\">Continue reading<span class=\"screen-reader-text\"> &#8222;\u00dcber uns&#8220;<\/span><\/a><\/p>","protected":false},"author":1,"featured_media":0,"parent":0,"menu_order":0,"comment_status":"closed","ping_status":"closed","template":"elementor_header_footer","meta":{"footnotes":""},"class_list":["post-45","page","type-page","status-publish","hentry"],"yoast_head":"<!-- This site is optimized with the Yoast SEO plugin v27.5 - https:\/\/yoast.com\/product\/yoast-seo-wordpress\/ -->\n<title>twinMEDIA production - Ihr Gestalter f\u00fcr au\u00dfergew\u00f6hnliche Videoproduktionen<\/title>\n<meta name=\"robots\" content=\"index, follow, max-snippet:-1, max-image-preview:large, max-video-preview:-1\" \/>\n<link rel=\"canonical\" href=\"https:\/\/www.twinmedia.at\/en\/ueber-uns\/\" \/>\n<meta property=\"og:locale\" content=\"en_GB\" \/>\n<meta property=\"og:type\" content=\"article\" \/>\n<meta property=\"og:title\" content=\"twinMEDIA production - Ihr Gestalter f\u00fcr au\u00dfergew\u00f6hnliche Videoproduktionen\" \/>\n<meta property=\"og:description\" content=\"\u00dcBER UNS THOMAS JAMBOR (#TWIN1) WIR BEHAUPTEN: twinMEDIA production= Ihr kreativer, vielseitiger, kompetenter, erfahrener, verl\u00e4sslicher, bla bla bla&#8230;\u00a0&#8211; also kurz: der goldrichtige Partner! DAS SAGEN JA VIELE &#8211; ABER F\u00dcR WAS JETZT GENAU??? Na logisch, f\u00fcr au\u00dfergew\u00f6hnliche Videoproduktionen bis hin zur Event-Moderation nat\u00fcrlich!\u00a0 SIE GLAUBEN UNS NICHT??? Sch\u00e4men Sie sich und schauen Sie hier in &hellip; Continue reading &quot;\u00dcber uns&quot;\" \/>\n<meta property=\"og:url\" content=\"https:\/\/www.twinmedia.at\/en\/ueber-uns\/\" \/>\n<meta property=\"og:site_name\" content=\"twinMEDIA production\" \/>\n<meta property=\"article:modified_time\" content=\"2019-07-11T15:54:19+00:00\" \/>\n<meta property=\"og:image\" content=\"https:\/\/www.twinmedia.at\/wp-content\/uploads\/2018\/12\/Portraits-JAMBOR-klein.gif\" \/>\n<meta name=\"twitter:card\" content=\"summary_large_image\" \/>\n<script type=\"application\/ld+json\" class=\"yoast-schema-graph\">{\"@context\":\"https:\\\/\\\/schema.org\",\"@graph\":[{\"@type\":\"WebPage\",\"@id\":\"https:\\\/\\\/www.twinmedia.at\\\/ueber-uns\\\/\",\"url\":\"https:\\\/\\\/www.twinmedia.at\\\/ueber-uns\\\/\",\"name\":\"twinMEDIA production - Ihr Gestalter f\u00fcr au\u00dfergew\u00f6hnliche Videoproduktionen\",\"isPartOf\":{\"@id\":\"https:\\\/\\\/www.twinmedia.at\\\/#website\"},\"primaryImageOfPage\":{\"@id\":\"https:\\\/\\\/www.twinmedia.at\\\/ueber-uns\\\/#primaryimage\"},\"image\":{\"@id\":\"https:\\\/\\\/www.twinmedia.at\\\/ueber-uns\\\/#primaryimage\"},\"thumbnailUrl\":\"https:\\\/\\\/www.twinmedia.at\\\/wp-content\\\/uploads\\\/2018\\\/12\\\/Portraits-JAMBOR-klein.gif\",\"datePublished\":\"2018-11-23T13:07:52+00:00\",\"dateModified\":\"2019-07-11T15:54:19+00:00\",\"breadcrumb\":{\"@id\":\"https:\\\/\\\/www.twinmedia.at\\\/ueber-uns\\\/#breadcrumb\"},\"inLanguage\":\"en-GB\",\"potentialAction\":[{\"@type\":\"ReadAction\",\"target\":[\"https:\\\/\\\/www.twinmedia.at\\\/ueber-uns\\\/\"]}]},{\"@type\":\"ImageObject\",\"inLanguage\":\"en-GB\",\"@id\":\"https:\\\/\\\/www.twinmedia.at\\\/ueber-uns\\\/#primaryimage\",\"url\":\"https:\\\/\\\/www.twinmedia.at\\\/wp-content\\\/uploads\\\/2018\\\/12\\\/Portraits-JAMBOR-klein.gif\",\"contentUrl\":\"https:\\\/\\\/www.twinmedia.at\\\/wp-content\\\/uploads\\\/2018\\\/12\\\/Portraits-JAMBOR-klein.gif\"},{\"@type\":\"BreadcrumbList\",\"@id\":\"https:\\\/\\\/www.twinmedia.at\\\/ueber-uns\\\/#breadcrumb\",\"itemListElement\":[{\"@type\":\"ListItem\",\"position\":1,\"name\":\"Startseite\",\"item\":\"https:\\\/\\\/www.twinmedia.at\\\/\"},{\"@type\":\"ListItem\",\"position\":2,\"name\":\"\u00dcber uns\"}]},{\"@type\":\"WebSite\",\"@id\":\"https:\\\/\\\/www.twinmedia.at\\\/#website\",\"url\":\"https:\\\/\\\/www.twinmedia.at\\\/\",\"name\":\"twinMEDIA production\",\"description\":\"Ihr Gestalter f\u00fcr au\u00dfergew\u00f6hnliche Videoproduktionen:\",\"publisher\":{\"@id\":\"https:\\\/\\\/www.twinmedia.at\\\/#organization\"},\"potentialAction\":[{\"@type\":\"SearchAction\",\"target\":{\"@type\":\"EntryPoint\",\"urlTemplate\":\"https:\\\/\\\/www.twinmedia.at\\\/?s={search_term_string}\"},\"query-input\":{\"@type\":\"PropertyValueSpecification\",\"valueRequired\":true,\"valueName\":\"search_term_string\"}}],\"inLanguage\":\"en-GB\"},{\"@type\":\"Organization\",\"@id\":\"https:\\\/\\\/www.twinmedia.at\\\/#organization\",\"name\":\"twinMEDIA production\",\"url\":\"https:\\\/\\\/www.twinmedia.at\\\/\",\"logo\":{\"@type\":\"ImageObject\",\"inLanguage\":\"en-GB\",\"@id\":\"https:\\\/\\\/www.twinmedia.at\\\/#\\\/schema\\\/logo\\\/image\\\/\",\"url\":\"https:\\\/\\\/www.twinmedia.at\\\/wp-content\\\/uploads\\\/2018\\\/11\\\/cropped-Twin_mediaproduction_logo.png\",\"contentUrl\":\"https:\\\/\\\/www.twinmedia.at\\\/wp-content\\\/uploads\\\/2018\\\/11\\\/cropped-Twin_mediaproduction_logo.png\",\"width\":250,\"height\":250,\"caption\":\"twinMEDIA production\"},\"image\":{\"@id\":\"https:\\\/\\\/www.twinmedia.at\\\/#\\\/schema\\\/logo\\\/image\\\/\"}}]}<\/script>\n<!-- \/ Yoast SEO plugin. -->","yoast_head_json":{"title":"twinMEDIA production - Ihr Gestalter f\u00fcr au\u00dfergew\u00f6hnliche Videoproduktionen","robots":{"index":"index","follow":"follow","max-snippet":"max-snippet:-1","max-image-preview":"max-image-preview:large","max-video-preview":"max-video-preview:-1"},"canonical":"https:\/\/www.twinmedia.at\/en\/ueber-uns\/","og_locale":"en_GB","og_type":"article","og_title":"twinMEDIA production - Ihr Gestalter f\u00fcr au\u00dfergew\u00f6hnliche Videoproduktionen","og_description":"\u00dcBER UNS THOMAS JAMBOR (#TWIN1) WIR BEHAUPTEN: twinMEDIA production= Ihr kreativer, vielseitiger, kompetenter, erfahrener, verl\u00e4sslicher, bla bla bla&#8230;\u00a0&#8211; also kurz: der goldrichtige Partner! DAS SAGEN JA VIELE &#8211; ABER F\u00dcR WAS JETZT GENAU??? Na logisch, f\u00fcr au\u00dfergew\u00f6hnliche Videoproduktionen bis hin zur Event-Moderation nat\u00fcrlich!\u00a0 SIE GLAUBEN UNS NICHT??? Sch\u00e4men Sie sich und schauen Sie hier in &hellip; Continue reading \"\u00dcber uns\"","og_url":"https:\/\/www.twinmedia.at\/en\/ueber-uns\/","og_site_name":"twinMEDIA production","article_modified_time":"2019-07-11T15:54:19+00:00","og_image":[{"url":"https:\/\/www.twinmedia.at\/wp-content\/uploads\/2018\/12\/Portraits-JAMBOR-klein.gif","type":"","width":"","height":""}],"twitter_card":"summary_large_image","schema":{"@context":"https:\/\/schema.org","@graph":[{"@type":"WebPage","@id":"https:\/\/www.twinmedia.at\/ueber-uns\/","url":"https:\/\/www.twinmedia.at\/ueber-uns\/","name":"twinMEDIA production - Ihr Gestalter f\u00fcr au\u00dfergew\u00f6hnliche Videoproduktionen","isPartOf":{"@id":"https:\/\/www.twinmedia.at\/#website"},"primaryImageOfPage":{"@id":"https:\/\/www.twinmedia.at\/ueber-uns\/#primaryimage"},"image":{"@id":"https:\/\/www.twinmedia.at\/ueber-uns\/#primaryimage"},"thumbnailUrl":"https:\/\/www.twinmedia.at\/wp-content\/uploads\/2018\/12\/Portraits-JAMBOR-klein.gif","datePublished":"2018-11-23T13:07:52+00:00","dateModified":"2019-07-11T15:54:19+00:00","breadcrumb":{"@id":"https:\/\/www.twinmedia.at\/ueber-uns\/#breadcrumb"},"inLanguage":"en-GB","potentialAction":[{"@type":"ReadAction","target":["https:\/\/www.twinmedia.at\/ueber-uns\/"]}]},{"@type":"ImageObject","inLanguage":"en-GB","@id":"https:\/\/www.twinmedia.at\/ueber-uns\/#primaryimage","url":"https:\/\/www.twinmedia.at\/wp-content\/uploads\/2018\/12\/Portraits-JAMBOR-klein.gif","contentUrl":"https:\/\/www.twinmedia.at\/wp-content\/uploads\/2018\/12\/Portraits-JAMBOR-klein.gif"},{"@type":"BreadcrumbList","@id":"https:\/\/www.twinmedia.at\/ueber-uns\/#breadcrumb","itemListElement":[{"@type":"ListItem","position":1,"name":"Startseite","item":"https:\/\/www.twinmedia.at\/"},{"@type":"ListItem","position":2,"name":"\u00dcber uns"}]},{"@type":"WebSite","@id":"https:\/\/www.twinmedia.at\/#website","url":"https:\/\/www.twinmedia.at\/","name":"twinMEDIA production","description":"Ihr Gestalter f\u00fcr au\u00dfergew\u00f6hnliche Videoproduktionen:","publisher":{"@id":"https:\/\/www.twinmedia.at\/#organization"},"potentialAction":[{"@type":"SearchAction","target":{"@type":"EntryPoint","urlTemplate":"https:\/\/www.twinmedia.at\/?s={search_term_string}"},"query-input":{"@type":"PropertyValueSpecification","valueRequired":true,"valueName":"search_term_string"}}],"inLanguage":"en-GB"},{"@type":"Organization","@id":"https:\/\/www.twinmedia.at\/#organization","name":"twinMEDIA production","url":"https:\/\/www.twinmedia.at\/","logo":{"@type":"ImageObject","inLanguage":"en-GB","@id":"https:\/\/www.twinmedia.at\/#\/schema\/logo\/image\/","url":"https:\/\/www.twinmedia.at\/wp-content\/uploads\/2018\/11\/cropped-Twin_mediaproduction_logo.png","contentUrl":"https:\/\/www.twinmedia.at\/wp-content\/uploads\/2018\/11\/cropped-Twin_mediaproduction_logo.png","width":250,"height":250,"caption":"twinMEDIA production"},"image":{"@id":"https:\/\/www.twinmedia.at\/#\/schema\/logo\/image\/"}}]}},"jetpack_sharing_enabled":true,"_links":{"self":[{"href":"https:\/\/www.twinmedia.at\/en\/wp-json\/wp\/v2\/pages\/45","targetHints":{"allow":["GET"]}}],"collection":[{"href":"https:\/\/www.twinmedia.at\/en\/wp-json\/wp\/v2\/pages"}],"about":[{"href":"https:\/\/www.twinmedia.at\/en\/wp-json\/wp\/v2\/types\/page"}],"author":[{"embeddable":true,"href":"https:\/\/www.twinmedia.at\/en\/wp-json\/wp\/v2\/users\/1"}],"replies":[{"embeddable":true,"href":"https:\/\/www.twinmedia.at\/en\/wp-json\/wp\/v2\/comments?post=45"}],"version-history":[{"count":0,"href":"https:\/\/www.twinmedia.at\/en\/wp-json\/wp\/v2\/pages\/45\/revisions"}],"wp:attachment":[{"href":"https:\/\/www.twinmedia.at\/en\/wp-json\/wp\/v2\/media?parent=45"}],"curies":[{"name":"wp","href":"https:\/\/api.w.org\/{rel}","templated":true}]}}