{"id":43,"date":"2018-11-23T12:56:39","date_gmt":"2018-11-23T12:56:39","guid":{"rendered":"https:\/\/www.twinmedia.at\/?page_id=43"},"modified":"2022-07-09T07:54:48","modified_gmt":"2022-07-09T07:54:48","slug":"impressum","status":"publish","type":"page","link":"https:\/\/www.twinmedia.at\/en\/impressum\/","title":{"rendered":"imprint"},"content":{"rendered":"<div data-elementor-type=\"wp-post\" data-elementor-id=\"43\" class=\"elementor elementor-43\" data-elementor-post-type=\"page\">\n\t\t\t\t\t\t<section class=\"elementor-section elementor-top-section elementor-element elementor-element-aa35cbd elementor-section-full_width elementor-section-height-default elementor-section-height-default\" data-id=\"aa35cbd\" data-element_type=\"section\" data-e-type=\"section\" data-settings=\"{&quot;background_background&quot;:&quot;classic&quot;}\">\n\t\t\t\t\t\t<div class=\"elementor-container elementor-column-gap-default\">\n\t\t\t\t\t<div class=\"elementor-column elementor-col-100 elementor-top-column elementor-element elementor-element-74faa49\" data-id=\"74faa49\" data-element_type=\"column\" data-e-type=\"column\">\n\t\t\t<div class=\"elementor-widget-wrap elementor-element-populated\">\n\t\t\t\t\t\t<div class=\"elementor-element elementor-element-601b8f7 elementor-widget elementor-widget-heading\" data-id=\"601b8f7\" data-element_type=\"widget\" data-e-type=\"widget\" data-widget_type=\"heading.default\">\n\t\t\t\t<div class=\"elementor-widget-container\">\n\t\t\t\t\t<h2 class=\"elementor-heading-title elementor-size-default\">IMPRESSUM<\/h2>\t\t\t\t<\/div>\n\t\t\t\t<\/div>\n\t\t\t\t\t<\/div>\n\t\t<\/div>\n\t\t\t\t\t<\/div>\n\t\t<\/section>\n\t\t\t\t<section class=\"elementor-section elementor-top-section elementor-element elementor-element-688a2c0 elementor-section-boxed elementor-section-height-default elementor-section-height-default\" data-id=\"688a2c0\" data-element_type=\"section\" data-e-type=\"section\" data-settings=\"{&quot;background_background&quot;:&quot;classic&quot;}\">\n\t\t\t\t\t\t<div class=\"elementor-container elementor-column-gap-default\">\n\t\t\t\t\t<div class=\"elementor-column elementor-col-100 elementor-top-column elementor-element elementor-element-efacc46\" data-id=\"efacc46\" data-element_type=\"column\" data-e-type=\"column\">\n\t\t\t<div class=\"elementor-widget-wrap elementor-element-populated\">\n\t\t\t\t\t\t<div class=\"elementor-element elementor-element-add512a elementor-widget elementor-widget-text-editor\" data-id=\"add512a\" data-element_type=\"widget\" data-e-type=\"widget\" data-widget_type=\"text-editor.default\">\n\t\t\t\t<div class=\"elementor-widget-container\">\n\t\t\t\t\t\t\t\t\t<p><span style=\"color: #ffffff;\">twinMEDIA production<\/span><\/p><p><span style=\"color: #ffffff;\">ANSCHRIFT<\/span><br \/>Wiener Stra\u00dfe 3<br \/>8680 M\u00fcrzzuschlag<br \/><span style=\"color: #ffffff;\">Austria<\/span><\/p><p><span style=\"color: #ffffff;\">E-MAIL<\/span><br \/><span style=\"color: #ffffff;\">office@twinmedia.at<\/span><\/p><p><span style=\"color: #ffffff;\">WEB<\/span><br \/><span style=\"color: #ffffff;\">www.twinmedia.at<\/span><\/p><p><span style=\"color: #ffffff;\">THOMAS JAMBOR<\/span><br \/><span style=\"color: #ffffff;\">E-Mail: jambor@twinmedia.at<\/span><br \/><span style=\"color: #ffffff;\">Telefon: +43 (0)650 4230184<\/span><\/p><p><span style=\"color: #ffffff;\">HORST BERGER<\/span><br \/><span style=\"color: #ffffff;\">E-Mail: berger@twinmedia.at<\/span><br \/><span style=\"color: #ffffff;\">Telefon: +43 (0)664 4558815<\/span><\/p><p><span style=\"color: #ffffff;\">UID:<\/span><br \/><span style=\"color: #ffffff;\">ATU66466077<\/span><\/p><p><span style=\"color: #ffffff;\">BANKVERBINDUNG<\/span><br \/><span style=\"color: #ffffff;\">Konto: 00001095355<\/span><br \/><span style=\"color: #ffffff;\">Blz. 20828<\/span><br \/><span style=\"color: #ffffff;\">Sparkasse M\u00fcrzzuschlag AG<\/span><br \/><span style=\"color: #ffffff;\">IBAN: AT132082800001095355<\/span><br \/><span style=\"color: #ffffff;\">BIC: SPMZAT21XXX<\/span><\/p><p><span style=\"color: #ffffff;\">HAFTUNGSAUSSCHLUSS \/ DISCLAIMER<\/span><\/p><p><span style=\"color: #ffffff;\">1. Inhalt des Onlineangebotes<\/span><\/p><p><span style=\"color: #ffffff;\">Alle Angaben in unseren Internet-Seiten haben wir sorgf\u00e4ltig gepr\u00fcft. Trotzdem k\u00f6nnen sich Daten und Fakten inzwischen ver\u00e4ndert haben.<\/span><br \/><span style=\"color: #ffffff;\">Wir \u00fcbernehmen deshalb keine Garantie daf\u00fcr, dass die Angaben vollst\u00e4ndig, richtig und in jedem Falle aktuell sind.<\/span><br \/><span style=\"color: #ffffff;\">Alle Angebote sind freibleibend und unverbindlich.<\/span><br \/><span style=\"color: #ffffff;\">Die Betreiber behalten sich ausdr\u00fccklich vor, Teile der Seiten oder das gesamte Angebot ohne gesonderte Ank\u00fcndigung zu ver\u00e4ndern,<\/span><br \/><span style=\"color: #ffffff;\">zu erg\u00e4nzen, zu l\u00f6schen oder die Ver\u00f6ffentlichung zeitweise oder endg\u00fcltig einzustellen.<\/span><\/p><p><span style=\"color: #ffffff;\">2. Urheber- und Kennzeichenrecht<\/span><\/p><p><span style=\"color: #ffffff;\">Der Inhalt dieser Website ist Eigentum der oben genannten Betreiber.<\/span><br \/><span style=\"color: #ffffff;\">Das Kopieren oder Vervielf\u00e4ltigen dieser Website oder einer ihrer Inhalte (z.b. Bilder, Texte) ohne Genehmigung ist verboten und wird strafrechtlich verfolgt.<\/span><br \/><span style=\"color: #ffffff;\">Alle anderen auf dieser Website zitierten Warenzeichen, Produktnamen und Firmennamen bzw. Logos sind das Alleineigentum der jeweiligen Besitzer.<\/span><\/p><p><span style=\"color: #ffffff;\">3. Datenschutz<\/span><\/p><p><span style=\"color: #ffffff;\">N\u00e4here Informationen zum Datenschutz finden Sie hier.<\/span><\/p><p><span style=\"color: #ffffff;\"><a style=\"color: #ffffff;\" href=\"https:\/\/www.twinmedia.at\/en\/datenschutzerklaerung\/\">DATENSCHUTZERKL\u00c4RUNG<\/a><\/span><\/p><h6>\u00a0<span style=\"color: #99cc00;\">Webdesign: <a style=\"color: #99cc00;\" href=\"https:\/\/www.webmando.at\/\" target=\"_blank\" rel=\"noopener\">webmando<\/a><\/span><\/h6>\t\t\t\t\t\t\t\t<\/div>\n\t\t\t\t<\/div>\n\t\t\t\t\t<\/div>\n\t\t<\/div>\n\t\t\t\t\t<\/div>\n\t\t<\/section>\n\t\t\t\t<section class=\"elementor-section elementor-top-section elementor-element elementor-element-4f34edaa elementor-section-stretched elementor-section-boxed elementor-section-height-default elementor-section-height-default\" data-id=\"4f34edaa\" data-element_type=\"section\" data-e-type=\"section\" data-settings=\"{&quot;background_background&quot;:&quot;classic&quot;,&quot;stretch_section&quot;:&quot;section-stretched&quot;}\">\n\t\t\t\t\t\t<div class=\"elementor-container elementor-column-gap-default\">\n\t\t\t\t\t<div class=\"elementor-column elementor-col-100 elementor-top-column elementor-element elementor-element-274612c\" data-id=\"274612c\" data-element_type=\"column\" data-e-type=\"column\">\n\t\t\t<div class=\"elementor-widget-wrap elementor-element-populated\">\n\t\t\t\t\t\t<div class=\"elementor-element elementor-element-fb7bf2c elementor-widget elementor-widget-heading\" data-id=\"fb7bf2c\" data-element_type=\"widget\" data-e-type=\"widget\" data-widget_type=\"heading.default\">\n\t\t\t\t<div class=\"elementor-widget-container\">\n\t\t\t\t\t<h4 class=\"elementor-heading-title elementor-size-default\">Informations<\/h4>\t\t\t\t<\/div>\n\t\t\t\t<\/div>\n\t\t\t\t<div class=\"elementor-element elementor-element-3ecdac6f elementor-icon-list--layout-traditional elementor-list-item-link-full_width elementor-widget elementor-widget-icon-list\" data-id=\"3ecdac6f\" data-element_type=\"widget\" data-e-type=\"widget\" data-widget_type=\"icon-list.default\">\n\t\t\t\t<div class=\"elementor-widget-container\">\n\t\t\t\t\t\t\t<ul class=\"elementor-icon-list-items\">\n\t\t\t\t\t\t\t<li class=\"elementor-icon-list-item\">\n\t\t\t\t\t\t\t\t\t\t\t<a href=\"https:\/\/www.twinmedia.at\/en\/impressum\/\">\n\n\t\t\t\t\t\t\t\t\t\t\t<span class=\"elementor-icon-list-text\">imprint<\/span>\n\t\t\t\t\t\t\t\t\t\t\t<\/a>\n\t\t\t\t\t\t\t\t\t<\/li>\n\t\t\t\t\t\t\t\t<li class=\"elementor-icon-list-item\">\n\t\t\t\t\t\t\t\t\t\t\t<a href=\"https:\/\/www.twinmedia.at\/en\/datenschutzerklaerung\/\">\n\n\t\t\t\t\t\t\t\t\t\t\t<span class=\"elementor-icon-list-text\">Privacy Policy<\/span>\n\t\t\t\t\t\t\t\t\t\t\t<\/a>\n\t\t\t\t\t\t\t\t\t<\/li>\n\t\t\t\t\t\t<\/ul>\n\t\t\t\t\t\t<\/div>\n\t\t\t\t<\/div>\n\t\t\t\t\t<\/div>\n\t\t<\/div>\n\t\t\t\t\t<\/div>\n\t\t<\/section>\n\t\t\t\t<\/div>","protected":false},"excerpt":{"rendered":"<p>IMPRESSUM twinMEDIA production ANSCHRIFTWiener Stra\u00dfe 38680 M\u00fcrzzuschlagAustria E-MAILoffice@twinmedia.at WEBwww.twinmedia.at THOMAS JAMBORE-Mail: jambor@twinmedia.atTelefon: +43 (0)650 4230184 HORST BERGERE-Mail: berger@twinmedia.atTelefon: +43 (0)664 4558815 UID:ATU66466077 BANKVERBINDUNGKonto: 00001095355Blz. 20828Sparkasse M\u00fcrzzuschlag AGIBAN: AT132082800001095355BIC: SPMZAT21XXX HAFTUNGSAUSSCHLUSS \/ DISCLAIMER 1. Inhalt des Onlineangebotes Alle Angaben in unseren Internet-Seiten haben wir sorgf\u00e4ltig gepr\u00fcft. Trotzdem k\u00f6nnen sich Daten und Fakten inzwischen ver\u00e4ndert haben.Wir \u00fcbernehmen &hellip; <\/p>\n<p class=\"link-more\"><a href=\"https:\/\/www.twinmedia.at\/en\/impressum\/\" class=\"more-link\">Continue reading<span class=\"screen-reader-text\"> &#8222;Impressum&#8220;<\/span><\/a><\/p>","protected":false},"author":1,"featured_media":0,"parent":0,"menu_order":0,"comment_status":"closed","ping_status":"closed","template":"elementor_header_footer","meta":{"footnotes":""},"class_list":["post-43","page","type-page","status-publish","hentry"],"yoast_head":"<!-- This site is optimized with the Yoast SEO plugin v27.5 - https:\/\/yoast.com\/product\/yoast-seo-wordpress\/ -->\n<title>twinMEDIA production - Ihr Gestalter f\u00fcr au\u00dfergew\u00f6hnliche Videoproduktionen<\/title>\n<meta name=\"robots\" content=\"index, follow, max-snippet:-1, max-image-preview:large, max-video-preview:-1\" \/>\n<link rel=\"canonical\" href=\"https:\/\/www.twinmedia.at\/en\/impressum\/\" \/>\n<meta property=\"og:locale\" content=\"en_GB\" \/>\n<meta property=\"og:type\" content=\"article\" \/>\n<meta property=\"og:title\" content=\"twinMEDIA production - Ihr Gestalter f\u00fcr au\u00dfergew\u00f6hnliche Videoproduktionen\" \/>\n<meta property=\"og:description\" content=\"IMPRESSUM twinMEDIA production ANSCHRIFTWiener Stra\u00dfe 38680 M\u00fcrzzuschlagAustria E-MAILoffice@twinmedia.at WEBwww.twinmedia.at THOMAS JAMBORE-Mail: jambor@twinmedia.atTelefon: +43 (0)650 4230184 HORST BERGERE-Mail: berger@twinmedia.atTelefon: +43 (0)664 4558815 UID:ATU66466077 BANKVERBINDUNGKonto: 00001095355Blz. 20828Sparkasse M\u00fcrzzuschlag AGIBAN: AT132082800001095355BIC: SPMZAT21XXX HAFTUNGSAUSSCHLUSS \/ DISCLAIMER 1. Inhalt des Onlineangebotes Alle Angaben in unseren Internet-Seiten haben wir sorgf\u00e4ltig gepr\u00fcft. Trotzdem k\u00f6nnen sich Daten und Fakten inzwischen ver\u00e4ndert haben.Wir \u00fcbernehmen &hellip; Continue reading &quot;Impressum&quot;\" \/>\n<meta property=\"og:url\" content=\"https:\/\/www.twinmedia.at\/en\/impressum\/\" \/>\n<meta property=\"og:site_name\" content=\"twinMEDIA production\" \/>\n<meta property=\"article:modified_time\" content=\"2022-07-09T07:54:48+00:00\" \/>\n<meta name=\"twitter:card\" content=\"summary_large_image\" \/>\n<meta name=\"twitter:label1\" content=\"Estimated reading time\" \/>\n\t<meta name=\"twitter:data1\" content=\"2 minutes\" \/>\n<script type=\"application\/ld+json\" class=\"yoast-schema-graph\">{\"@context\":\"https:\\\/\\\/schema.org\",\"@graph\":[{\"@type\":\"WebPage\",\"@id\":\"https:\\\/\\\/www.twinmedia.at\\\/impressum\\\/\",\"url\":\"https:\\\/\\\/www.twinmedia.at\\\/impressum\\\/\",\"name\":\"twinMEDIA production - Ihr Gestalter f\u00fcr au\u00dfergew\u00f6hnliche Videoproduktionen\",\"isPartOf\":{\"@id\":\"https:\\\/\\\/www.twinmedia.at\\\/#website\"},\"datePublished\":\"2018-11-23T12:56:39+00:00\",\"dateModified\":\"2022-07-09T07:54:48+00:00\",\"breadcrumb\":{\"@id\":\"https:\\\/\\\/www.twinmedia.at\\\/impressum\\\/#breadcrumb\"},\"inLanguage\":\"en-GB\",\"potentialAction\":[{\"@type\":\"ReadAction\",\"target\":[\"https:\\\/\\\/www.twinmedia.at\\\/impressum\\\/\"]}]},{\"@type\":\"BreadcrumbList\",\"@id\":\"https:\\\/\\\/www.twinmedia.at\\\/impressum\\\/#breadcrumb\",\"itemListElement\":[{\"@type\":\"ListItem\",\"position\":1,\"name\":\"Startseite\",\"item\":\"https:\\\/\\\/www.twinmedia.at\\\/\"},{\"@type\":\"ListItem\",\"position\":2,\"name\":\"Impressum\"}]},{\"@type\":\"WebSite\",\"@id\":\"https:\\\/\\\/www.twinmedia.at\\\/#website\",\"url\":\"https:\\\/\\\/www.twinmedia.at\\\/\",\"name\":\"twinMEDIA production\",\"description\":\"Ihr Gestalter f\u00fcr au\u00dfergew\u00f6hnliche Videoproduktionen:\",\"publisher\":{\"@id\":\"https:\\\/\\\/www.twinmedia.at\\\/#organization\"},\"potentialAction\":[{\"@type\":\"SearchAction\",\"target\":{\"@type\":\"EntryPoint\",\"urlTemplate\":\"https:\\\/\\\/www.twinmedia.at\\\/?s={search_term_string}\"},\"query-input\":{\"@type\":\"PropertyValueSpecification\",\"valueRequired\":true,\"valueName\":\"search_term_string\"}}],\"inLanguage\":\"en-GB\"},{\"@type\":\"Organization\",\"@id\":\"https:\\\/\\\/www.twinmedia.at\\\/#organization\",\"name\":\"twinMEDIA production\",\"url\":\"https:\\\/\\\/www.twinmedia.at\\\/\",\"logo\":{\"@type\":\"ImageObject\",\"inLanguage\":\"en-GB\",\"@id\":\"https:\\\/\\\/www.twinmedia.at\\\/#\\\/schema\\\/logo\\\/image\\\/\",\"url\":\"https:\\\/\\\/www.twinmedia.at\\\/wp-content\\\/uploads\\\/2018\\\/11\\\/cropped-Twin_mediaproduction_logo.png\",\"contentUrl\":\"https:\\\/\\\/www.twinmedia.at\\\/wp-content\\\/uploads\\\/2018\\\/11\\\/cropped-Twin_mediaproduction_logo.png\",\"width\":250,\"height\":250,\"caption\":\"twinMEDIA production\"},\"image\":{\"@id\":\"https:\\\/\\\/www.twinmedia.at\\\/#\\\/schema\\\/logo\\\/image\\\/\"}}]}<\/script>\n<!-- \/ Yoast SEO plugin. -->","yoast_head_json":{"title":"twinMEDIA production - Ihr Gestalter f\u00fcr au\u00dfergew\u00f6hnliche Videoproduktionen","robots":{"index":"index","follow":"follow","max-snippet":"max-snippet:-1","max-image-preview":"max-image-preview:large","max-video-preview":"max-video-preview:-1"},"canonical":"https:\/\/www.twinmedia.at\/en\/impressum\/","og_locale":"en_GB","og_type":"article","og_title":"twinMEDIA production - Ihr Gestalter f\u00fcr au\u00dfergew\u00f6hnliche Videoproduktionen","og_description":"IMPRESSUM twinMEDIA production ANSCHRIFTWiener Stra\u00dfe 38680 M\u00fcrzzuschlagAustria E-MAILoffice@twinmedia.at WEBwww.twinmedia.at THOMAS JAMBORE-Mail: jambor@twinmedia.atTelefon: +43 (0)650 4230184 HORST BERGERE-Mail: berger@twinmedia.atTelefon: +43 (0)664 4558815 UID:ATU66466077 BANKVERBINDUNGKonto: 00001095355Blz. 20828Sparkasse M\u00fcrzzuschlag AGIBAN: AT132082800001095355BIC: SPMZAT21XXX HAFTUNGSAUSSCHLUSS \/ DISCLAIMER 1. Inhalt des Onlineangebotes Alle Angaben in unseren Internet-Seiten haben wir sorgf\u00e4ltig gepr\u00fcft. Trotzdem k\u00f6nnen sich Daten und Fakten inzwischen ver\u00e4ndert haben.Wir \u00fcbernehmen &hellip; Continue reading \"Impressum\"","og_url":"https:\/\/www.twinmedia.at\/en\/impressum\/","og_site_name":"twinMEDIA production","article_modified_time":"2022-07-09T07:54:48+00:00","twitter_card":"summary_large_image","twitter_misc":{"Estimated reading time":"2 minutes"},"schema":{"@context":"https:\/\/schema.org","@graph":[{"@type":"WebPage","@id":"https:\/\/www.twinmedia.at\/impressum\/","url":"https:\/\/www.twinmedia.at\/impressum\/","name":"twinMEDIA production - Ihr Gestalter f\u00fcr au\u00dfergew\u00f6hnliche Videoproduktionen","isPartOf":{"@id":"https:\/\/www.twinmedia.at\/#website"},"datePublished":"2018-11-23T12:56:39+00:00","dateModified":"2022-07-09T07:54:48+00:00","breadcrumb":{"@id":"https:\/\/www.twinmedia.at\/impressum\/#breadcrumb"},"inLanguage":"en-GB","potentialAction":[{"@type":"ReadAction","target":["https:\/\/www.twinmedia.at\/impressum\/"]}]},{"@type":"BreadcrumbList","@id":"https:\/\/www.twinmedia.at\/impressum\/#breadcrumb","itemListElement":[{"@type":"ListItem","position":1,"name":"Startseite","item":"https:\/\/www.twinmedia.at\/"},{"@type":"ListItem","position":2,"name":"Impressum"}]},{"@type":"WebSite","@id":"https:\/\/www.twinmedia.at\/#website","url":"https:\/\/www.twinmedia.at\/","name":"twinMEDIA production","description":"Ihr Gestalter f\u00fcr au\u00dfergew\u00f6hnliche Videoproduktionen:","publisher":{"@id":"https:\/\/www.twinmedia.at\/#organization"},"potentialAction":[{"@type":"SearchAction","target":{"@type":"EntryPoint","urlTemplate":"https:\/\/www.twinmedia.at\/?s={search_term_string}"},"query-input":{"@type":"PropertyValueSpecification","valueRequired":true,"valueName":"search_term_string"}}],"inLanguage":"en-GB"},{"@type":"Organization","@id":"https:\/\/www.twinmedia.at\/#organization","name":"twinMEDIA production","url":"https:\/\/www.twinmedia.at\/","logo":{"@type":"ImageObject","inLanguage":"en-GB","@id":"https:\/\/www.twinmedia.at\/#\/schema\/logo\/image\/","url":"https:\/\/www.twinmedia.at\/wp-content\/uploads\/2018\/11\/cropped-Twin_mediaproduction_logo.png","contentUrl":"https:\/\/www.twinmedia.at\/wp-content\/uploads\/2018\/11\/cropped-Twin_mediaproduction_logo.png","width":250,"height":250,"caption":"twinMEDIA production"},"image":{"@id":"https:\/\/www.twinmedia.at\/#\/schema\/logo\/image\/"}}]}},"jetpack_sharing_enabled":true,"_links":{"self":[{"href":"https:\/\/www.twinmedia.at\/en\/wp-json\/wp\/v2\/pages\/43","targetHints":{"allow":["GET"]}}],"collection":[{"href":"https:\/\/www.twinmedia.at\/en\/wp-json\/wp\/v2\/pages"}],"about":[{"href":"https:\/\/www.twinmedia.at\/en\/wp-json\/wp\/v2\/types\/page"}],"author":[{"embeddable":true,"href":"https:\/\/www.twinmedia.at\/en\/wp-json\/wp\/v2\/users\/1"}],"replies":[{"embeddable":true,"href":"https:\/\/www.twinmedia.at\/en\/wp-json\/wp\/v2\/comments?post=43"}],"version-history":[{"count":0,"href":"https:\/\/www.twinmedia.at\/en\/wp-json\/wp\/v2\/pages\/43\/revisions"}],"wp:attachment":[{"href":"https:\/\/www.twinmedia.at\/en\/wp-json\/wp\/v2\/media?parent=43"}],"curies":[{"name":"wp","href":"https:\/\/api.w.org\/{rel}","templated":true}]}}